{"id":14,"date":"2013-11-01T03:37:35","date_gmt":"2013-11-01T03:37:35","guid":{"rendered":"http:\/\/colordevida.org\/eng\/?page_id=14"},"modified":"2013-11-02T14:18:23","modified_gmt":"2013-11-02T14:18:23","slug":"statutes","status":"publish","type":"page","link":"https:\/\/colordevida.org\/eng\/statutes\/","title":{"rendered":"Statutes"},"content":{"rendered":"<p align=\"center\"><strong>NOMBRE, OBJETIVO, DOMICILIO Y DURACION<\/strong><\/p>\n<h3 align=\"justify\">ARTICULO 1 Nombre. Bajo la denominaci\u00f3n de Fundaci\u00f3n \u201cColor de Vida\u201d se establece en Rep\u00fablica Dominicana, con \u00e1mbito nacional sin fines de lucro, con personalidad jur\u00eddica propia, independiente de la de sus asociados, y con plena capacidad para el cumplimiento de sus fines, la Fundaci\u00f3n se rige por los presentes Estatutos, reglamentos y manuales que dicten las asambleas, al amparo de la Constituci\u00f3n Dominicana, Leyes y Reglamentos aplicables. Asimismo la fundaci\u00f3n podr\u00e1 ser nombrada por FUNDACION \u201cCOLOR DE VIDA\u201d o por \u201cFUNCOVI\u201d<\/h3>\n<p align=\"justify\"><strong>PARRAFO.\u00a0<\/strong>Adem\u00e1s esta fundaci\u00f3n tiene base b\u00edblica o cristiana la cual se debe observar en toda las ejecuciones, tanto de la fundaci\u00f3n misma como en las de sus directivos o miembros, y la cual es inviolable.<\/p>\n<p><strong>ARTICULO 2. Constituci\u00f3n.<\/strong>\u00a0Se constituye, la Fundaci\u00f3n \u201cColor de Vida\u00bb o FUNCOVI, con su domicilio principal establecido en la Rep\u00fablica Dominicana, de acuerdo a la ley 122-05 del 22 de Febrero del a\u00f1o 2004, sobre las asociaciones sin fines de lucro.<\/p>\n<p><strong>PARRAFO. Domicilio.<\/strong>\u00a0La fundaci\u00f3n tiene su domicilio en la calle Col\u00f3n, n\u00famero 17 del Municipio de Esperanza, provincia Valverde, Rep\u00fablica Dominicana. No obstante dicho domicilio podr\u00e1 ser cambiado por decisi\u00f3n de la Junta Directiva. La Junta Directiva podr\u00e1, tambi\u00e9n, establecer nuevas sedes en los lugares que estime convenientes pudiendo establecer oficinas, sucursales y realizar actividades en todo el territorio nacional y en el extranjero, debiendo velar siempre porque se cumplan con las formalidades legales exigidas por estos casos.<\/p>\n<h3 align=\"justify\">ARTICULO 3. A) Objetivo general. El objetivo general de la Fundaci\u00f3n COLOR DE VIDA es procurar el desarrollo educativo, espiritual, f\u00edsico, ambiental de los ni\u00f1os, ni\u00f1as y adolescentes de bajo recursos de la Rep\u00fablica Dominicana, as\u00ed como trabajar de forma sist\u00e9mica con los padres madres y\/o tutores, a la vez de crear programas encaminados a la superaci\u00f3n tanto de los infantes como de sus familiares.<\/h3>\n<p align=\"justify\"><strong>PARRAFO I.<\/strong>\u00a0<strong>Misi\u00f3n<\/strong>\u00a0Esta misi\u00f3n estar\u00e1 siempre inspirada por la Gracia Cristiana, la misi\u00f3n de la Fundaci\u00f3n \u201cColor de Vida\u201d es promover el bienestar de ni\u00f1os, ni\u00f1as y adolescentes que se encuentran en alto riesgo social, en la Rep\u00fablica Dominicana, para que \u00abtengan vida y la tengan en abundancia\u00bb, a trav\u00e9s de la ejecuci\u00f3n y apoyo t\u00e9cnico de programas dise\u00f1ados para prevenir su deterioro y fortalecer su vinculaci\u00f3n con la familia, la escuela y la sociedad.<\/p>\n<p><strong>PARRAFO II.<\/strong>\u00a0<strong>Visi\u00f3n.<\/strong>\u00a0FUNCOVI aspira ser una de las entidades l\u00edderes y pioneras en la Rep\u00fablica Dominicana en la labor preventiva frente al deterioro de la ni\u00f1ez en \u00abalto riesgo social\u00bb, investigadora cient\u00edfica de los problemas sociales relacionados con la infancia, comprometida con la lucha contra la delincuencia, dise\u00f1adora y ejecutora de programas innovadores de alta calidad, promotora de la colaboraci\u00f3n interinstitucional, prestadora de apoyo t\u00e9cnico y gestora de recursos nacionales e nacionales internacionales. Cada miembro de FUNCOVI est\u00e1 obligado a compartir la misma visi\u00f3n y misi\u00f3n.<\/p>\n<p><strong>B) Objetivos espec\u00edficos:<\/strong><br \/>\n1) Realizar actividades sociales, culturales, educativas, deportivas y de otra \u00edndole, que contribuyan al mejoramiento y adelanto de la comunidad muy en especial de la ni\u00f1ez.<br \/>\n2) Fomentar, apoyar, realizar, dirigir y participar en actividades, obras y proyectos c\u00edvico asistenciales, culturales, deportivos y de cualquier otra \u00edndole, que contribuyan al mejoramiento y adelanto de la comunidad y muy en especial de la ni\u00f1ez.<br \/>\n3) La asistencia social a la ni\u00f1ez desvalida en campos tales como la salud, la nutrici\u00f3n, la educaci\u00f3n y la recreaci\u00f3n.<br \/>\n4) Practicar y difundir los principios del movimiento cooperativo y solidario<br \/>\n5) Usar todos los medios de comunicaci\u00f3n posible para facilitar informaci\u00f3n que sirva para la toma de conciencia de la realidad social en que vive la ni\u00f1ez dominicana, desfavorecidas as\u00ed como para difundir valores tales como la solidaridad, la justicia social y el respeto entre los ni\u00f1os ni\u00f1as y adolescentes indigentes, as\u00ed como sus padres y\/o tutores.<br \/>\n6) Promover la amistad y cooperaci\u00f3n entre los asociados con miras a servir a la ni\u00f1ez y a la comunidad en forma altruista y desinteresada<br \/>\n7) Formar l\u00edderes para el servicio a la Comunidad.<br \/>\n8) Crear cursos talleres con fines educativos, t\u00e9cnico-ocupacional dirigidos a los ni\u00f1os, ni\u00f1as y adolescentes de bajo recursos econ\u00f3micos<br \/>\n9) Impartir charlas con fines educativos, espirituales, psicol\u00f3gico para los menores y sus tutores<br \/>\n10) Crear programas de becas<br \/>\n11) Crear un Centros educativos, cumpliendo siempre por las leyes que rigen la materia<br \/>\n12) Crear bibliotecas<br \/>\n13) Instalar Salas Digitales<br \/>\n14) Establecer de sala de Juegos Educativos<br \/>\n15) Crear Centros de Salud, cumpliendo siempre por las leyes que rigen la materia<br \/>\n16) Suplir las necesidades de los ni\u00f1os tales como: \u00fatiles escolares, vestimentas, acondicionamiento de la vivienda.<br \/>\n17) Procurar la escolaridad de los ni\u00f1os dentro de la fundaci\u00f3n<br \/>\n18) Trabajar con la comunidad, saneamiento de aguas negras, medio ambiente<br \/>\n19) Desarrollar mecanismos que pongan en contacto a profesionales voluntarios con personas f\u00edsicas o jur\u00eddicas que necesiten de sus ayudas conocimientos.<br \/>\n20) Apoyar a otras entidades en sus labores orientadas al beneficio de colectivos marginados.<br \/>\n21) Apoyar iniciativas de colectividades desfavorecidas conducentes a la mejora de sus condiciones y posibilidades<br \/>\n22) Facilitar formaci\u00f3n y capacitaci\u00f3n de los miembros mediante documentaci\u00f3n, charlas y cursos.<br \/>\n23) Promover y desarrollar cualquier tipo de proyecto vinculado a sus objetivos.<br \/>\n24) Cualquier otra actividad l\u00edcita orientada al beneficio de personas de los colectivos indicados.<\/p>\n","protected":false},"excerpt":{"rendered":"<p>NOMBRE, OBJETIVO, DOMICILIO Y DURACION ARTICULO 1 Nombre. Bajo la denominaci\u00f3n de Fundaci\u00f3n \u201cColor de Vida\u201d se establece en Rep\u00fablica Dominicana, con \u00e1mbito nacional sin fines de lucro, con personalidad jur\u00eddica propia, independiente de la de sus asociados, y con plena capacidad para el cumplimiento de sus fines, la Fundaci\u00f3n se rige por los presentes [&hellip;]<\/p>\n","protected":false},"author":1,"featured_media":0,"parent":0,"menu_order":4,"comment_status":"open","ping_status":"open","template":"","meta":[],"_links":{"self":[{"href":"https:\/\/colordevida.org\/eng\/wp-json\/wp\/v2\/pages\/14"}],"collection":[{"href":"https:\/\/colordevida.org\/eng\/wp-json\/wp\/v2\/pages"}],"about":[{"href":"https:\/\/colordevida.org\/eng\/wp-json\/wp\/v2\/types\/page"}],"author":[{"embeddable":true,"href":"https:\/\/colordevida.org\/eng\/wp-json\/wp\/v2\/users\/1"}],"replies":[{"embeddable":true,"href":"https:\/\/colordevida.org\/eng\/wp-json\/wp\/v2\/comments?post=14"}],"version-history":[{"count":2,"href":"https:\/\/colordevida.org\/eng\/wp-json\/wp\/v2\/pages\/14\/revisions"}],"predecessor-version":[{"id":25,"href":"https:\/\/colordevida.org\/eng\/wp-json\/wp\/v2\/pages\/14\/revisions\/25"}],"wp:attachment":[{"href":"https:\/\/colordevida.org\/eng\/wp-json\/wp\/v2\/media?parent=14"}],"curies":[{"name":"wp","href":"https:\/\/api.w.org\/{rel}","templated":true}]}}